{"id":7,"date":"2022-10-23T11:14:59","date_gmt":"2022-10-23T09:14:59","guid":{"rendered":"http:\/\/vincentbouget.com\/?page_id=7"},"modified":"2023-01-15T15:58:11","modified_gmt":"2023-01-15T14:58:11","slug":"a-propos-de","status":"publish","type":"page","link":"https:\/\/vincentbouget.com\/index.php\/a-propos-de\/","title":{"rendered":"En quelques mots"},"content":{"rendered":"\n<p>N\u00e9 \u00e0 N\u00eemes en 1979, je suis p\u00e8re de 2 filles. Je suis devenu professeur d\u2019Histoire et de G\u00e9ographie \u00e0 la suite d&rsquo;\u00e9tudes \u00e0 Paris o\u00f9 j&rsquo;ai v\u00e9cu 10 ans. J&rsquo;ai enseign\u00e9 \u00e0 Sarcelles dans le Val d&rsquo;Oise, avant de revenir dans le Gard o\u00f9 j&rsquo;enseigne dans un lyc\u00e9e n\u00eemois.<\/p>\n\n\n\n<p>Secr\u00e9taire d\u00e9partemental du Parti communiste dans le Gard depuis 2014, je suis aussi membre du Conseil National du PCF depuis 2016. <\/p>\n\n\n\n<p>T\u00eate de liste aux \u00e9lections municipales en 2020, je suis depuis \u00e9lu \u00e0 la Ville de N\u00eemes dans l\u2019opposition, o\u00f9 je pr\u00e9side le groupe <em>N\u00eemes Citoyenne \u00c0 Gauche<\/em>. \u00c9lu \u00e0 l&rsquo;agglom\u00e9ration de N\u00eemes M\u00e9tropole dans le m\u00eame temps, je pr\u00e9side le groupe de la <em>Gauche Unie, Citoyenne et \u00c9cologiste<\/em>. <\/p>\n\n\n\n<p>J&rsquo;ai \u00e9t\u00e9 \u00e9lu conseiller d\u00e9partemental du Gard en juin 2021 dans le canton de N\u00eemes 3 en bin\u00f4me avec Dominique Andrieu-Bonnet. J&rsquo;appartiens \u00e0 la majorit\u00e9 de gauche et \u00e9cologiste de la collectivit\u00e9, au sein de laquelle je suis conseiller d\u00e9partemental d\u00e9l\u00e9gu\u00e9 aux Sports. Dans le cadre de mon mandat au d\u00e9partement, je suis entre autres pr\u00e9sident du <em>Conseil en architecture urbanisme et environnement<\/em> (CAUE), ainsi que vice-pr\u00e9sident du <em>Service D\u00e9partemental d&rsquo;Incendie et de Secours <\/em>(SDIS).<\/p>\n\n\n\n<p><\/p>\n\n\n\n<p><\/p>\n","protected":false},"excerpt":{"rendered":"<p>N\u00e9 \u00e0 N\u00eemes en 1979, je suis p\u00e8re de 2 filles. Je suis devenu professeur d\u2019Histoire et de G\u00e9ographie \u00e0 la suite d&rsquo;\u00e9tudes \u00e0 Paris o\u00f9 j&rsquo;ai v\u00e9cu 10 ans. J&rsquo;ai enseign\u00e9 \u00e0 Sarcelles dans le Val d&rsquo;Oise, avant de revenir dans le Gard o\u00f9 j&rsquo;enseigne dans un lyc\u00e9e n\u00eemois. Secr\u00e9taire d\u00e9partemental du Parti communiste dans le Gard depuis 2014, je suis aussi membre du &hellip; <a href=\"https:\/\/vincentbouget.com\/index.php\/a-propos-de\/\" class=\"more-link\">Continuer de lire <span class=\"screen-reader-text\">En quelques mots<\/span><\/a><\/p>\n","protected":false},"author":1,"featured_media":50,"parent":0,"menu_order":0,"comment_status":"closed","ping_status":"closed","template":"","meta":{"footnotes":""},"class_list":["post-7","page","type-page","status-publish","has-post-thumbnail","hentry"],"yoast_head":"<!-- This site is optimized with the Yoast SEO plugin v24.2 - https:\/\/yoast.com\/wordpress\/plugins\/seo\/ -->\n<title>En quelques mots - Le Blog de Vincent Bouget<\/title>\n<meta name=\"robots\" content=\"index, follow, max-snippet:-1, max-image-preview:large, max-video-preview:-1\" \/>\n<link rel=\"canonical\" href=\"https:\/\/vincentbouget.com\/index.php\/a-propos-de\/\" \/>\n<meta property=\"og:locale\" content=\"fr_FR\" \/>\n<meta property=\"og:type\" content=\"article\" \/>\n<meta property=\"og:title\" content=\"En quelques mots - Le Blog de Vincent Bouget\" \/>\n<meta property=\"og:description\" content=\"N\u00e9 \u00e0 N\u00eemes en 1979, je suis p\u00e8re de 2 filles. Je suis devenu professeur d\u2019Histoire et de G\u00e9ographie \u00e0 la suite d&rsquo;\u00e9tudes \u00e0 Paris o\u00f9 j&rsquo;ai v\u00e9cu 10 ans. J&rsquo;ai enseign\u00e9 \u00e0 Sarcelles dans le Val d&rsquo;Oise, avant de revenir dans le Gard o\u00f9 j&rsquo;enseigne dans un lyc\u00e9e n\u00eemois. Secr\u00e9taire d\u00e9partemental du Parti communiste dans le Gard depuis 2014, je suis aussi membre du &hellip;\" \/>\n<meta property=\"og:url\" content=\"https:\/\/vincentbouget.com\/index.php\/a-propos-de\/\" \/>\n<meta property=\"og:site_name\" content=\"Le Blog de Vincent Bouget\" \/>\n<meta property=\"article:modified_time\" content=\"2023-01-15T14:58:11+00:00\" \/>\n<meta property=\"og:image\" content=\"https:\/\/vincentbouget.com\/wp-content\/uploads\/2022\/10\/IMG_5532-scaled.jpg\" \/>\n\t<meta property=\"og:image:width\" content=\"2560\" \/>\n\t<meta property=\"og:image:height\" content=\"1920\" \/>\n\t<meta property=\"og:image:type\" content=\"image\/jpeg\" \/>\n<meta name=\"twitter:card\" content=\"summary_large_image\" \/>\n<meta name=\"twitter:label1\" content=\"Dur\u00e9e de lecture estim\u00e9e\" \/>\n\t<meta name=\"twitter:data1\" content=\"1 minute\" \/>\n<script type=\"application\/ld+json\" class=\"yoast-schema-graph\">{\"@context\":\"https:\/\/schema.org\",\"@graph\":[{\"@type\":\"WebPage\",\"@id\":\"https:\/\/vincentbouget.com\/index.php\/a-propos-de\/\",\"url\":\"https:\/\/vincentbouget.com\/index.php\/a-propos-de\/\",\"name\":\"En quelques mots - Le Blog de Vincent Bouget\",\"isPartOf\":{\"@id\":\"https:\/\/vincentbouget.com\/#website\"},\"primaryImageOfPage\":{\"@id\":\"https:\/\/vincentbouget.com\/index.php\/a-propos-de\/#primaryimage\"},\"image\":{\"@id\":\"https:\/\/vincentbouget.com\/index.php\/a-propos-de\/#primaryimage\"},\"thumbnailUrl\":\"https:\/\/vincentbouget.com\/wp-content\/uploads\/2022\/10\/IMG_5532-scaled.jpg\",\"datePublished\":\"2022-10-23T09:14:59+00:00\",\"dateModified\":\"2023-01-15T14:58:11+00:00\",\"breadcrumb\":{\"@id\":\"https:\/\/vincentbouget.com\/index.php\/a-propos-de\/#breadcrumb\"},\"inLanguage\":\"fr-FR\",\"potentialAction\":[{\"@type\":\"ReadAction\",\"target\":[\"https:\/\/vincentbouget.com\/index.php\/a-propos-de\/\"]}]},{\"@type\":\"ImageObject\",\"inLanguage\":\"fr-FR\",\"@id\":\"https:\/\/vincentbouget.com\/index.php\/a-propos-de\/#primaryimage\",\"url\":\"https:\/\/vincentbouget.com\/wp-content\/uploads\/2022\/10\/IMG_5532-scaled.jpg\",\"contentUrl\":\"https:\/\/vincentbouget.com\/wp-content\/uploads\/2022\/10\/IMG_5532-scaled.jpg\",\"width\":2560,\"height\":1920},{\"@type\":\"BreadcrumbList\",\"@id\":\"https:\/\/vincentbouget.com\/index.php\/a-propos-de\/#breadcrumb\",\"itemListElement\":[{\"@type\":\"ListItem\",\"position\":1,\"name\":\"Accueil\",\"item\":\"https:\/\/vincentbouget.com\/\"},{\"@type\":\"ListItem\",\"position\":2,\"name\":\"En quelques mots\"}]},{\"@type\":\"WebSite\",\"@id\":\"https:\/\/vincentbouget.com\/#website\",\"url\":\"https:\/\/vincentbouget.com\/\",\"name\":\"Le Blog de Vincent Bouget\",\"description\":\"&quot;Le courage, c&#039;est d&#039;aller \u00e0 l&#039;id\u00e9al et de comprendre le r\u00e9el&quot; Jean Jaur\u00e8s\",\"publisher\":{\"@id\":\"https:\/\/vincentbouget.com\/#\/schema\/person\/a9d7fc5df1fd0b936efa366d917deafc\"},\"potentialAction\":[{\"@type\":\"SearchAction\",\"target\":{\"@type\":\"EntryPoint\",\"urlTemplate\":\"https:\/\/vincentbouget.com\/?s={search_term_string}\"},\"query-input\":{\"@type\":\"PropertyValueSpecification\",\"valueRequired\":true,\"valueName\":\"search_term_string\"}}],\"inLanguage\":\"fr-FR\"},{\"@type\":[\"Person\",\"Organization\"],\"@id\":\"https:\/\/vincentbouget.com\/#\/schema\/person\/a9d7fc5df1fd0b936efa366d917deafc\",\"name\":\"Vincent Bouget\",\"image\":{\"@type\":\"ImageObject\",\"inLanguage\":\"fr-FR\",\"@id\":\"https:\/\/vincentbouget.com\/#\/schema\/person\/image\/\",\"url\":\"https:\/\/vincentbouget.com\/wp-content\/uploads\/2022\/10\/cropped-Vincent-Bouget-1-1.jpg\",\"contentUrl\":\"https:\/\/vincentbouget.com\/wp-content\/uploads\/2022\/10\/cropped-Vincent-Bouget-1-1.jpg\",\"width\":240,\"height\":240,\"caption\":\"Vincent Bouget\"},\"logo\":{\"@id\":\"https:\/\/vincentbouget.com\/#\/schema\/person\/image\/\"},\"sameAs\":[\"http:\/\/vincentbouget.com\"]}]}<\/script>\n<!-- \/ Yoast SEO plugin. -->","yoast_head_json":{"title":"En quelques mots - Le Blog de Vincent Bouget","robots":{"index":"index","follow":"follow","max-snippet":"max-snippet:-1","max-image-preview":"max-image-preview:large","max-video-preview":"max-video-preview:-1"},"canonical":"https:\/\/vincentbouget.com\/index.php\/a-propos-de\/","og_locale":"fr_FR","og_type":"article","og_title":"En quelques mots - Le Blog de Vincent Bouget","og_description":"N\u00e9 \u00e0 N\u00eemes en 1979, je suis p\u00e8re de 2 filles. Je suis devenu professeur d\u2019Histoire et de G\u00e9ographie \u00e0 la suite d&rsquo;\u00e9tudes \u00e0 Paris o\u00f9 j&rsquo;ai v\u00e9cu 10 ans. J&rsquo;ai enseign\u00e9 \u00e0 Sarcelles dans le Val d&rsquo;Oise, avant de revenir dans le Gard o\u00f9 j&rsquo;enseigne dans un lyc\u00e9e n\u00eemois. Secr\u00e9taire d\u00e9partemental du Parti communiste dans le Gard depuis 2014, je suis aussi membre du &hellip;","og_url":"https:\/\/vincentbouget.com\/index.php\/a-propos-de\/","og_site_name":"Le Blog de Vincent Bouget","article_modified_time":"2023-01-15T14:58:11+00:00","og_image":[{"width":2560,"height":1920,"url":"https:\/\/vincentbouget.com\/wp-content\/uploads\/2022\/10\/IMG_5532-scaled.jpg","type":"image\/jpeg"}],"twitter_card":"summary_large_image","twitter_misc":{"Dur\u00e9e de lecture estim\u00e9e":"1 minute"},"schema":{"@context":"https:\/\/schema.org","@graph":[{"@type":"WebPage","@id":"https:\/\/vincentbouget.com\/index.php\/a-propos-de\/","url":"https:\/\/vincentbouget.com\/index.php\/a-propos-de\/","name":"En quelques mots - Le Blog de Vincent Bouget","isPartOf":{"@id":"https:\/\/vincentbouget.com\/#website"},"primaryImageOfPage":{"@id":"https:\/\/vincentbouget.com\/index.php\/a-propos-de\/#primaryimage"},"image":{"@id":"https:\/\/vincentbouget.com\/index.php\/a-propos-de\/#primaryimage"},"thumbnailUrl":"https:\/\/vincentbouget.com\/wp-content\/uploads\/2022\/10\/IMG_5532-scaled.jpg","datePublished":"2022-10-23T09:14:59+00:00","dateModified":"2023-01-15T14:58:11+00:00","breadcrumb":{"@id":"https:\/\/vincentbouget.com\/index.php\/a-propos-de\/#breadcrumb"},"inLanguage":"fr-FR","potentialAction":[{"@type":"ReadAction","target":["https:\/\/vincentbouget.com\/index.php\/a-propos-de\/"]}]},{"@type":"ImageObject","inLanguage":"fr-FR","@id":"https:\/\/vincentbouget.com\/index.php\/a-propos-de\/#primaryimage","url":"https:\/\/vincentbouget.com\/wp-content\/uploads\/2022\/10\/IMG_5532-scaled.jpg","contentUrl":"https:\/\/vincentbouget.com\/wp-content\/uploads\/2022\/10\/IMG_5532-scaled.jpg","width":2560,"height":1920},{"@type":"BreadcrumbList","@id":"https:\/\/vincentbouget.com\/index.php\/a-propos-de\/#breadcrumb","itemListElement":[{"@type":"ListItem","position":1,"name":"Accueil","item":"https:\/\/vincentbouget.com\/"},{"@type":"ListItem","position":2,"name":"En quelques mots"}]},{"@type":"WebSite","@id":"https:\/\/vincentbouget.com\/#website","url":"https:\/\/vincentbouget.com\/","name":"Le Blog de Vincent Bouget","description":"&quot;Le courage, c&#039;est d&#039;aller \u00e0 l&#039;id\u00e9al et de comprendre le r\u00e9el&quot; Jean Jaur\u00e8s","publisher":{"@id":"https:\/\/vincentbouget.com\/#\/schema\/person\/a9d7fc5df1fd0b936efa366d917deafc"},"potentialAction":[{"@type":"SearchAction","target":{"@type":"EntryPoint","urlTemplate":"https:\/\/vincentbouget.com\/?s={search_term_string}"},"query-input":{"@type":"PropertyValueSpecification","valueRequired":true,"valueName":"search_term_string"}}],"inLanguage":"fr-FR"},{"@type":["Person","Organization"],"@id":"https:\/\/vincentbouget.com\/#\/schema\/person\/a9d7fc5df1fd0b936efa366d917deafc","name":"Vincent Bouget","image":{"@type":"ImageObject","inLanguage":"fr-FR","@id":"https:\/\/vincentbouget.com\/#\/schema\/person\/image\/","url":"https:\/\/vincentbouget.com\/wp-content\/uploads\/2022\/10\/cropped-Vincent-Bouget-1-1.jpg","contentUrl":"https:\/\/vincentbouget.com\/wp-content\/uploads\/2022\/10\/cropped-Vincent-Bouget-1-1.jpg","width":240,"height":240,"caption":"Vincent Bouget"},"logo":{"@id":"https:\/\/vincentbouget.com\/#\/schema\/person\/image\/"},"sameAs":["http:\/\/vincentbouget.com"]}]}},"_links":{"self":[{"href":"https:\/\/vincentbouget.com\/index.php\/wp-json\/wp\/v2\/pages\/7","targetHints":{"allow":["GET"]}}],"collection":[{"href":"https:\/\/vincentbouget.com\/index.php\/wp-json\/wp\/v2\/pages"}],"about":[{"href":"https:\/\/vincentbouget.com\/index.php\/wp-json\/wp\/v2\/types\/page"}],"author":[{"embeddable":true,"href":"https:\/\/vincentbouget.com\/index.php\/wp-json\/wp\/v2\/users\/1"}],"replies":[{"embeddable":true,"href":"https:\/\/vincentbouget.com\/index.php\/wp-json\/wp\/v2\/comments?post=7"}],"version-history":[{"count":7,"href":"https:\/\/vincentbouget.com\/index.php\/wp-json\/wp\/v2\/pages\/7\/revisions"}],"predecessor-version":[{"id":258,"href":"https:\/\/vincentbouget.com\/index.php\/wp-json\/wp\/v2\/pages\/7\/revisions\/258"}],"wp:featuredmedia":[{"embeddable":true,"href":"https:\/\/vincentbouget.com\/index.php\/wp-json\/wp\/v2\/media\/50"}],"wp:attachment":[{"href":"https:\/\/vincentbouget.com\/index.php\/wp-json\/wp\/v2\/media?parent=7"}],"curies":[{"name":"wp","href":"https:\/\/api.w.org\/{rel}","templated":true}]}}